{"id":8,"date":"2016-07-20T22:59:58","date_gmt":"2016-07-20T20:59:58","guid":{"rendered":"https:\/\/caplightrv.com\/?page_id=8"},"modified":"2019-04-29T09:31:13","modified_gmt":"2019-04-29T13:31:13","slug":"caplight","status":"publish","type":"page","link":"https:\/\/caplightrv.com\/fr\/caplight\/","title":{"rendered":"CAPLIGHT"},"content":{"rendered":"<div class=\"full-width-image \" style=\"background-image: url(https:\/\/caplightrv.com\/wp-content\/uploads\/2016\/11\/BannerCaplight-fr.jpg);\"><h1 class=\"fullimage light-text\"><\/h1><\/div><div class=\"clear\"><\/div><div class=\"full-width-section dark-text background-color-FFFFFF\"><div class=\"col span_6\">\n<img decoding=\"async\" loading=\"lazy\" class=\"wp-image-100 size-full alignright\" src=\"https:\/\/caplightrv.com\/wp-content\/uploads\/2016\/11\/BMtEK-Plug.png\" width=\"264\" height=\"279\" \/><br \/>\n<\/div><div class=\"col span_6 col_last\">\n<h2>PRODUIT: CAPLIGHT<\/h2>\n<p><strong>DESCRIPTION : <\/strong>accessoire de VR<br \/>\n<strong>2 FONCTIONS: <\/strong><\/p>\n<ul id=\"feature-list\">\n<li>Allume les feux de position<\/li>\n<li>Prot\u00e8ge votre connecteur du harnais de votre VR<\/li>\n<\/ul>\n<h2>24.95 $<\/h2>\n<p>Pour <a href=\"https:\/\/toilesvr.ca\/catalogue\/automotive-caplight-connector-adapter-plug-rv-trailer-ambience-light-transformer-electrical-harness-protector\/\" target=\"_blank\">commander en ligne ici<\/a> et pour les questions <a href=\"mailtp:info@caplightrv.com\">info@caplightrv.com<\/a><\/div><div class=\"clear\"><\/div>\n<p class=\"description-2\">Fonctionne sur toutes les roulottes, roulottes \u00e0 sellette, tente roulotte et remorques qui utilisent le connecteur rond standard a 7 brins.<br \/>\nCr\u00e9e une belle ambiance.<br \/>\nPeut aussi \u00eatre utilis\u00e9 pour v\u00e9rifier facilement et s\u00e9curitairement les lumi\u00e8res du VR avant de prendre la route.<br \/>\nAucun besoin d&rsquo;outils, d&rsquo;extension \u00e9lectrique, fonctionne m\u00eame si votre VR n&rsquo;est pas branch\u00e9 au r\u00e9seau \u00e9lectrique.<br \/>\nLe cadeau id\u00e9al pour vos amis de camping.<br \/>\nN&rsquo;attendez plus, placez votre commande d\u00e8s maintenant.<br \/>\nFi\u00e8rement con\u00e7u et fabriqu\u00e9 ici en Am\u00e9rique.<br \/>\n<small>*Il est important de placer le CAPLIGHT plus haut que le connecteur pour \u00e9viter toute accumulation d&rsquo;eau possible*<\/small><\/p>\n<\/div><div class=\"clear\"><\/div>\n","protected":false},"excerpt":{"rendered":"PRODUIT: CAPLIGHT DESCRIPTION : accessoire de VR 2 FONCTIONS: Allume les feux de position Prot\u00e8ge votre connecteur du harnais de votre VR 24.95 $ Pour commander en ligne ici et...","protected":false},"author":1,"featured_media":0,"parent":0,"menu_order":0,"comment_status":"closed","ping_status":"closed","template":"","meta":{"_exactmetrics_skip_tracking":false,"_exactmetrics_sitenote_active":false,"_exactmetrics_sitenote_note":"","_exactmetrics_sitenote_category":0,"footnotes":""},"yoast_head":"<!-- This site is optimized with the Yoast SEO plugin v21.2 - https:\/\/yoast.com\/wordpress\/plugins\/seo\/ -->\n<title>CAPLIGHT | bm-tek : CAPLIGHT<\/title>\n<meta name=\"robots\" content=\"index, follow, max-snippet:-1, max-image-preview:large, max-video-preview:-1\" \/>\n<link rel=\"canonical\" href=\"https:\/\/caplightrv.com\/caplight\/?lang=fr\" \/>\n<meta property=\"og:locale\" content=\"fr_FR\" \/>\n<meta property=\"og:type\" content=\"article\" \/>\n<meta property=\"og:title\" content=\"CAPLIGHT | bm-tek : CAPLIGHT\" \/>\n<meta property=\"og:url\" content=\"https:\/\/caplightrv.com\/caplight\/?lang=fr\" \/>\n<meta property=\"og:site_name\" content=\"bm-tek : CAPLIGHT\" \/>\n<meta property=\"article:modified_time\" content=\"2019-04-29T13:31:13+00:00\" \/>\n<meta property=\"og:image\" content=\"https:\/\/caplightrv.com\/wp-content\/uploads\/2016\/11\/BMtEK-Plug.png\" \/>\n<meta name=\"twitter:card\" content=\"summary_large_image\" \/>\n<meta name=\"twitter:label1\" content=\"Dur\u00e9e de lecture estim\u00e9e\" \/>\n\t<meta name=\"twitter:data1\" content=\"1 minute\" \/>\n<script type=\"application\/ld+json\" class=\"yoast-schema-graph\">{\"@context\":\"https:\/\/schema.org\",\"@graph\":[{\"@type\":\"WebPage\",\"@id\":\"https:\/\/caplightrv.com\/caplight\/?lang=fr\",\"url\":\"https:\/\/caplightrv.com\/caplight\/?lang=fr\",\"name\":\"CAPLIGHT | bm-tek : CAPLIGHT\",\"isPartOf\":{\"@id\":\"https:\/\/caplightrv.com\/#website\"},\"datePublished\":\"2016-07-20T20:59:58+00:00\",\"dateModified\":\"2019-04-29T13:31:13+00:00\",\"breadcrumb\":{\"@id\":\"https:\/\/caplightrv.com\/caplight\/?lang=fr#breadcrumb\"},\"inLanguage\":\"fr-FR\",\"potentialAction\":[{\"@type\":\"ReadAction\",\"target\":[\"https:\/\/caplightrv.com\/caplight\/?lang=fr\"]}]},{\"@type\":\"BreadcrumbList\",\"@id\":\"https:\/\/caplightrv.com\/caplight\/?lang=fr#breadcrumb\",\"itemListElement\":[{\"@type\":\"ListItem\",\"position\":1,\"name\":\"Accueil\",\"item\":\"https:\/\/caplightrv.com\/?lang=fr\"},{\"@type\":\"ListItem\",\"position\":2,\"name\":\"CAPLIGHT\"}]},{\"@type\":\"WebSite\",\"@id\":\"https:\/\/caplightrv.com\/#website\",\"url\":\"https:\/\/caplightrv.com\/\",\"name\":\"bm-tek : CAPLIGHT\",\"description\":\"\",\"potentialAction\":[{\"@type\":\"SearchAction\",\"target\":{\"@type\":\"EntryPoint\",\"urlTemplate\":\"https:\/\/caplightrv.com\/?s={search_term_string}\"},\"query-input\":\"required name=search_term_string\"}],\"inLanguage\":\"fr-FR\"}]}<\/script>\n<!-- \/ Yoast SEO plugin. -->","yoast_head_json":{"title":"CAPLIGHT | bm-tek : CAPLIGHT","robots":{"index":"index","follow":"follow","max-snippet":"max-snippet:-1","max-image-preview":"max-image-preview:large","max-video-preview":"max-video-preview:-1"},"canonical":"https:\/\/caplightrv.com\/caplight\/?lang=fr","og_locale":"fr_FR","og_type":"article","og_title":"CAPLIGHT | bm-tek : CAPLIGHT","og_url":"https:\/\/caplightrv.com\/caplight\/?lang=fr","og_site_name":"bm-tek : CAPLIGHT","article_modified_time":"2019-04-29T13:31:13+00:00","og_image":[{"url":"https:\/\/caplightrv.com\/wp-content\/uploads\/2016\/11\/BMtEK-Plug.png"}],"twitter_card":"summary_large_image","twitter_misc":{"Dur\u00e9e de lecture estim\u00e9e":"1 minute"},"schema":{"@context":"https:\/\/schema.org","@graph":[{"@type":"WebPage","@id":"https:\/\/caplightrv.com\/caplight\/?lang=fr","url":"https:\/\/caplightrv.com\/caplight\/?lang=fr","name":"CAPLIGHT | bm-tek : CAPLIGHT","isPartOf":{"@id":"https:\/\/caplightrv.com\/#website"},"datePublished":"2016-07-20T20:59:58+00:00","dateModified":"2019-04-29T13:31:13+00:00","breadcrumb":{"@id":"https:\/\/caplightrv.com\/caplight\/?lang=fr#breadcrumb"},"inLanguage":"fr-FR","potentialAction":[{"@type":"ReadAction","target":["https:\/\/caplightrv.com\/caplight\/?lang=fr"]}]},{"@type":"BreadcrumbList","@id":"https:\/\/caplightrv.com\/caplight\/?lang=fr#breadcrumb","itemListElement":[{"@type":"ListItem","position":1,"name":"Accueil","item":"https:\/\/caplightrv.com\/?lang=fr"},{"@type":"ListItem","position":2,"name":"CAPLIGHT"}]},{"@type":"WebSite","@id":"https:\/\/caplightrv.com\/#website","url":"https:\/\/caplightrv.com\/","name":"bm-tek : CAPLIGHT","description":"","potentialAction":[{"@type":"SearchAction","target":{"@type":"EntryPoint","urlTemplate":"https:\/\/caplightrv.com\/?s={search_term_string}"},"query-input":"required name=search_term_string"}],"inLanguage":"fr-FR"}]}},"_links":{"self":[{"href":"https:\/\/caplightrv.com\/fr\/wp-json\/wp\/v2\/pages\/8"}],"collection":[{"href":"https:\/\/caplightrv.com\/fr\/wp-json\/wp\/v2\/pages"}],"about":[{"href":"https:\/\/caplightrv.com\/fr\/wp-json\/wp\/v2\/types\/page"}],"author":[{"embeddable":true,"href":"https:\/\/caplightrv.com\/fr\/wp-json\/wp\/v2\/users\/1"}],"replies":[{"embeddable":true,"href":"https:\/\/caplightrv.com\/fr\/wp-json\/wp\/v2\/comments?post=8"}],"version-history":[{"count":94,"href":"https:\/\/caplightrv.com\/fr\/wp-json\/wp\/v2\/pages\/8\/revisions"}],"predecessor-version":[{"id":419,"href":"https:\/\/caplightrv.com\/fr\/wp-json\/wp\/v2\/pages\/8\/revisions\/419"}],"wp:attachment":[{"href":"https:\/\/caplightrv.com\/fr\/wp-json\/wp\/v2\/media?parent=8"}],"curies":[{"name":"wp","href":"https:\/\/api.w.org\/{rel}","templated":true}]}}